{"id":9,"date":"2020-05-13T19:00:07","date_gmt":"2020-05-13T17:00:07","guid":{"rendered":"https:\/\/dance-contortion.com\/?page_id=9"},"modified":"2023-01-17T20:15:06","modified_gmt":"2023-01-17T19:15:06","slug":"about-me","status":"publish","type":"page","link":"https:\/\/dance-contortion.com\/en\/about-me\/","title":{"rendered":"about me"},"content":{"rendered":"<div class=\"wp-block-cover\" style=\"min-height:500px;aspect-ratio:unset;\"><span aria-hidden=\"true\" class=\"wp-block-cover__background has-background-dim\"><\/span><img loading=\"lazy\" decoding=\"async\" width=\"1900\" height=\"1266\" class=\"wp-block-cover__image-background wp-image-690\" alt=\"\" src=\"https:\/\/dance-contortion.com\/wp-content\/uploads\/2020\/05\/start-sw.jpg\" style=\"object-position:50% 74%\" data-object-fit=\"cover\" data-object-position=\"50% 74%\" srcset=\"https:\/\/dance-contortion.com\/wp-content\/uploads\/2020\/05\/start-sw.jpg 1900w, https:\/\/dance-contortion.com\/wp-content\/uploads\/2020\/05\/start-sw-300x200.jpg 300w, https:\/\/dance-contortion.com\/wp-content\/uploads\/2020\/05\/start-sw-1024x682.jpg 1024w, https:\/\/dance-contortion.com\/wp-content\/uploads\/2020\/05\/start-sw-768x512.jpg 768w, https:\/\/dance-contortion.com\/wp-content\/uploads\/2020\/05\/start-sw-1536x1023.jpg 1536w\" sizes=\"auto, (max-width: 1900px) 100vw, 1900px\" \/><div class=\"wp-block-cover__inner-container is-layout-flow wp-block-cover-is-layout-flow\">\n<p class=\"has-text-align-center has-large-font-size\"><strong>About me<\/strong><\/p>\n<\/div><\/div>\n\n\n\n<section class=\"wp-block-uagb-section uagb-section__wrap uagb-section__background-color uagb-block-b1e14de0\"><div class=\"uagb-section__overlay\"><\/div><div class=\"uagb-section__inner-wrap\">\n<div class=\"wp-block-columns is-layout-flex wp-container-core-columns-is-layout-28f84493 wp-block-columns-is-layout-flex\">\n<div class=\"wp-block-column is-layout-flow wp-block-column-is-layout-flow\" style=\"flex-basis:40%\">\n<figure class=\"wp-block-image size-large is-resized\"><img loading=\"lazy\" decoding=\"async\" src=\"https:\/\/dance-contortion.com\/wp-content\/uploads\/2020\/05\/Rosa-modern-9web-770x1024.jpg\" alt=\"\" class=\"wp-image-760\" width=\"400\" height=\"518\"\/><\/figure>\n<\/div>\n\n\n\n<div class=\"wp-block-column is-layout-flow wp-block-column-is-layout-flow\" style=\"flex-basis:60%\">\n<div class=\"wp-block-uagb-advanced-heading uagb-block-ef5bdf16\"><h2 class=\"uagb-heading-text\"><strong>Education<\/strong><\/h2><div class=\"uagb-separator\"><\/div><p class=\"uagb-desc-text\"><br>Rosa, born and raised in Stuttgart, discovered her love for acrobatics at a young age through the youth circus \"Calibastra\". After completing high school, her passion for the circus led her to America, where she worked for a year as an artist and trainer at \"Circus Mojo\". Following that, she graduated a dance education as a stage dancer at \"Balance1\" in Berlin. Additionally, she completed training as an artist at the IVA International Variety Academy with former contortionist Nicole Gerstner.<br>Ihre Leidenschaft f\u00fcr den Zirkus brachte sie nach dem Abitur nach Amerika, wo sie f\u00fcr ein Jahr als Artistin und Trainerin beim \u201eCircus Mojo\u201c arbeitete.<br>Anschlie\u00dfend folgte eine mehrj\u00e4hrige Tanzausbildung zur B\u00fchnent\u00e4nzerin bei \u201eBalance1\u201c in Berlin. Nebenbei absolvierte sie eine Ausbildung zur Artistin an der IVA Internationalen Variet\u00e9 Akademie und bei der ehemaligen Kontorsionistin <a href=\"http:\/\/nicole.kontorsionskunst.de\" target=\"_blank\" rel=\"noreferrer noopener\">Nicole Gerstner<\/a>.<\/p><\/div>\n<\/div>\n<\/div>\n<\/div><\/section>\n\n\n\n<section class=\"wp-block-uagb-section uagb-section__wrap uagb-section__background-color uagb-block-b7b981e7\"><div class=\"uagb-section__overlay\"><\/div><div class=\"uagb-section__inner-wrap\">\n<div class=\"wp-block-columns is-layout-flex wp-container-core-columns-is-layout-28f84493 wp-block-columns-is-layout-flex\">\n<div class=\"wp-block-column is-layout-flow wp-block-column-is-layout-flow\" style=\"flex-basis:60%\">\n<div class=\"wp-block-uagb-advanced-heading uagb-block-442cd962\"><h2 class=\"uagb-heading-text\"><strong>References<\/strong><\/h2><div class=\"uagb-separator\"><\/div><p class=\"uagb-desc-text\"><br><em>Even during her training, she was able to demonstrate her talent through engagements both domestically and abroad. Here are some highlights of her\u00a0performances:<\/em><\/p><\/div>\n\n\n\n<ul class=\"has-ast-global-color-5-color has-text-color wp-block-list\">\n<li>Firm Gala at Admiralspalast<\/li>\n\n\n\n<li>Show at the streetfood festival with boavista<\/li>\n\n\n\n<li>Marketing campain for microsoft with Hawkins and Cross Media<\/li>\n\n\n\n<li>Gala dinner for DEPV<\/li>\n\n\n\n<li>Scheinbar Variet\u00e9 Berlin<\/li>\n\n\n\n<li>Variet\u00e9 Show at Ballhaus Wedding<\/li>\n<\/ul>\n<\/div>\n\n\n\n<div class=\"wp-block-column is-layout-flow wp-block-column-is-layout-flow\" style=\"flex-basis:40%\">\n<figure class=\"wp-block-image size-large\"><img loading=\"lazy\" decoding=\"async\" width=\"1024\" height=\"1024\" src=\"https:\/\/dance-contortion.com\/wp-content\/uploads\/2020\/05\/Rosa-modern-web-14c-1024x1024.jpg\" alt=\"\" class=\"wp-image-1009\" srcset=\"https:\/\/dance-contortion.com\/wp-content\/uploads\/2020\/05\/Rosa-modern-web-14c-1024x1024.jpg 1024w, https:\/\/dance-contortion.com\/wp-content\/uploads\/2020\/05\/Rosa-modern-web-14c-300x300.jpg 300w, https:\/\/dance-contortion.com\/wp-content\/uploads\/2020\/05\/Rosa-modern-web-14c-150x150.jpg 150w, https:\/\/dance-contortion.com\/wp-content\/uploads\/2020\/05\/Rosa-modern-web-14c-768x768.jpg 768w, https:\/\/dance-contortion.com\/wp-content\/uploads\/2020\/05\/Rosa-modern-web-14c-1536x1536.jpg 1536w, https:\/\/dance-contortion.com\/wp-content\/uploads\/2020\/05\/Rosa-modern-web-14c.jpg 1900w\" sizes=\"auto, (max-width: 1024px) 100vw, 1024px\" \/><\/figure>\n<\/div>\n<\/div>\n<\/div><\/section>","protected":false},"excerpt":{"rendered":"","protected":false},"author":1,"featured_media":0,"parent":0,"menu_order":0,"comment_status":"closed","ping_status":"closed","template":"","meta":{"_uag_custom_page_level_css":"","site-sidebar-layout":"default","site-content-layout":"page-builder","ast-site-content-layout":"default","site-content-style":"default","site-sidebar-style":"default","ast-global-header-display":"","ast-banner-title-visibility":"","ast-main-header-display":"","ast-hfb-above-header-display":"","ast-hfb-below-header-display":"","ast-hfb-mobile-header-display":"","site-post-title":"disabled","ast-breadcrumbs-content":"","ast-featured-img":"disabled","footer-sml-layout":"","theme-transparent-header-meta":"enabled","adv-header-id-meta":"","stick-header-meta":"default","header-above-stick-meta":"","header-main-stick-meta":"","header-below-stick-meta":"","astra-migrate-meta-layouts":"default","ast-page-background-enabled":"default","ast-page-background-meta":{"desktop":{"background-color":"","background-image":"","background-repeat":"repeat","background-position":"center center","background-size":"auto","background-attachment":"scroll","background-type":"","background-media":"","overlay-type":"","overlay-color":"","overlay-opacity":"","overlay-gradient":""},"tablet":{"background-color":"","background-image":"","background-repeat":"repeat","background-position":"center center","background-size":"auto","background-attachment":"scroll","background-type":"","background-media":"","overlay-type":"","overlay-color":"","overlay-opacity":"","overlay-gradient":""},"mobile":{"background-color":"","background-image":"","background-repeat":"repeat","background-position":"center center","background-size":"auto","background-attachment":"scroll","background-type":"","background-media":"","overlay-type":"","overlay-color":"","overlay-opacity":"","overlay-gradient":""}},"ast-content-background-meta":{"desktop":{"background-color":"var(--ast-global-color-5)","background-image":"","background-repeat":"repeat","background-position":"center center","background-size":"auto","background-attachment":"scroll","background-type":"","background-media":"","overlay-type":"","overlay-color":"","overlay-opacity":"","overlay-gradient":""},"tablet":{"background-color":"var(--ast-global-color-5)","background-image":"","background-repeat":"repeat","background-position":"center center","background-size":"auto","background-attachment":"scroll","background-type":"","background-media":"","overlay-type":"","overlay-color":"","overlay-opacity":"","overlay-gradient":""},"mobile":{"background-color":"var(--ast-global-color-5)","background-image":"","background-repeat":"repeat","background-position":"center center","background-size":"auto","background-attachment":"scroll","background-type":"","background-media":"","overlay-type":"","overlay-color":"","overlay-opacity":"","overlay-gradient":""}},"footnotes":""},"class_list":["post-9","page","type-page","status-publish","hentry"],"uagb_featured_image_src":{"full":false,"thumbnail":false,"medium":false,"medium_large":false,"large":false,"1536x1536":false,"2048x2048":false,"trp-custom-language-flag":false},"uagb_author_info":{"display_name":"rosa","author_link":"https:\/\/dance-contortion.com\/en\/author\/rosa\/"},"uagb_comment_info":0,"uagb_excerpt":null,"_links":{"self":[{"href":"https:\/\/dance-contortion.com\/en\/wp-json\/wp\/v2\/pages\/9","targetHints":{"allow":["GET"]}}],"collection":[{"href":"https:\/\/dance-contortion.com\/en\/wp-json\/wp\/v2\/pages"}],"about":[{"href":"https:\/\/dance-contortion.com\/en\/wp-json\/wp\/v2\/types\/page"}],"author":[{"embeddable":true,"href":"https:\/\/dance-contortion.com\/en\/wp-json\/wp\/v2\/users\/1"}],"replies":[{"embeddable":true,"href":"https:\/\/dance-contortion.com\/en\/wp-json\/wp\/v2\/comments?post=9"}],"version-history":[{"count":0,"href":"https:\/\/dance-contortion.com\/en\/wp-json\/wp\/v2\/pages\/9\/revisions"}],"wp:attachment":[{"href":"https:\/\/dance-contortion.com\/en\/wp-json\/wp\/v2\/media?parent=9"}],"curies":[{"name":"wp","href":"https:\/\/api.w.org\/{rel}","templated":true}]}}